{"id":86,"date":"2021-12-13T18:36:34","date_gmt":"2021-12-13T17:36:34","guid":{"rendered":"http:\/\/mining\/?page_id=86"},"modified":"2021-12-14T11:30:22","modified_gmt":"2021-12-14T10:30:22","slug":"stellenangebote","status":"publish","type":"page","link":"https:\/\/www.physiotherapie-am-deich.de\/?page_id=86","title":{"rendered":"Stellenangebote"},"content":{"rendered":"\n    \n    <section class=\"u-clearfix u-gradient u-section-2\" id=\"sec-d910\">\n      <div class=\"u-clearfix u-sheet u-sheet-1\">\n        <h3 class=\"u-text u-text-default u-text-1\">Werde ein Teil von uns<\/h3>\n        <p class=\"u-text u-text-2\"> Wir suchen immer engagierte Mitarbeiter. Bewirb\u00b4 dich!&nbsp;<\/p>\n      <\/div>\n    <\/section>\n    <section class=\"u-clearfix u-white u-section-3\" id=\"sec-09cb\">\n      <div class=\"u-clearfix u-sheet u-valign-middle-md u-valign-middle-sm u-valign-middle-xs u-sheet-1\">\n        <img decoding=\"async\" class=\"u-image u-image-default u-image-1\" src=\"https:\/\/www.physiotherapie-am-deich.de\/wp-content\/uploads\/2021\/12\/Stellenanzeige.png\" alt=\"\" data-image-width=\"4677\" data-image-height=\"3307\">\n        <p class=\"u-align-center-md u-align-center-sm u-align-center-xs u-text u-text-1\"> Wir m\u00f6chten unser Team vergr\u00f6\u00dfern und suchen immer engagierte Mitarbeiter. Daf\u00fcr brauchen&nbsp;wir dich.<br>Kannst du dir vorstellen, ein Teil von unserem Team zu werden, dann z\u00f6gere nicht und bewirb dich.<br>\n          <br>Wir freuen uns dich kennen zu lernen !<br>\n          <br>\n          <a href=\"mailto:info@physiotherapie-am-deich.de?subject=Bewerbung\" class=\"u-active-none u-border-2 u-border-custom-color-2 u-btn u-button-style u-custom-color-2 u-hover-none u-text-body-color u-btn-1\">Direkt per Mail Bewerben!<\/a>\n          <br>\n          <br>\n          <br>\n        <\/p>\n      <\/div>\n    <\/section>\n    <section class=\"u-clearfix u-gradient u-section-4\" id=\"sec-a54e\">\n      <div class=\"u-clearfix u-sheet u-sheet-1\"><\/div>\n    <\/section>\n    \n    \n  \n","protected":false},"excerpt":{"rendered":"<p>Werde ein Teil von uns Wir suchen immer engagierte Mitarbeiter. Bewirb\u00b4 dich!&nbsp; Wir m\u00f6chten unser Team vergr\u00f6\u00dfern und suchen immer engagierte Mitarbeiter. Daf\u00fcr brauchen&nbsp;wir dich.Kannst du dir vorstellen, ein Teil von unserem Team zu werden, dann z\u00f6gere nicht und bewirb dich. Wir freuen uns dich kennen zu lernen ! Direkt per Mail Bewerben!<\/p>\n","protected":false},"author":1,"featured_media":0,"parent":0,"menu_order":0,"comment_status":"closed","ping_status":"closed","template":"","meta":{"footnotes":""},"class_list":["post-86","page","type-page","status-publish","hentry"],"_links":{"self":[{"href":"https:\/\/www.physiotherapie-am-deich.de\/index.php?rest_route=\/wp\/v2\/pages\/86","targetHints":{"allow":["GET"]}}],"collection":[{"href":"https:\/\/www.physiotherapie-am-deich.de\/index.php?rest_route=\/wp\/v2\/pages"}],"about":[{"href":"https:\/\/www.physiotherapie-am-deich.de\/index.php?rest_route=\/wp\/v2\/types\/page"}],"author":[{"embeddable":true,"href":"https:\/\/www.physiotherapie-am-deich.de\/index.php?rest_route=\/wp\/v2\/users\/1"}],"replies":[{"embeddable":true,"href":"https:\/\/www.physiotherapie-am-deich.de\/index.php?rest_route=%2Fwp%2Fv2%2Fcomments&post=86"}],"version-history":[{"count":3,"href":"https:\/\/www.physiotherapie-am-deich.de\/index.php?rest_route=\/wp\/v2\/pages\/86\/revisions"}],"predecessor-version":[{"id":247,"href":"https:\/\/www.physiotherapie-am-deich.de\/index.php?rest_route=\/wp\/v2\/pages\/86\/revisions\/247"}],"wp:attachment":[{"href":"https:\/\/www.physiotherapie-am-deich.de\/index.php?rest_route=%2Fwp%2Fv2%2Fmedia&parent=86"}],"curies":[{"name":"wp","href":"https:\/\/api.w.org\/{rel}","templated":true}]}}