{"id":28,"date":"2021-12-13T17:11:19","date_gmt":"2021-12-13T16:11:19","guid":{"rendered":"http:\/\/test.physiotherapie-am-deich.de\/?page_id=28"},"modified":"2023-12-19T11:50:50","modified_gmt":"2023-12-19T10:50:50","slug":"startseite-1","status":"publish","type":"page","link":"https:\/\/www.physiotherapie-am-deich.de\/","title":{"rendered":"Startseite 1"},"content":{"rendered":"\n    \n    <section class=\"u-clearfix u-valign-middle-lg u-white u-section-2\" id=\"sec-f200\">\n      <div class=\"u-expanded-width u-gradient u-shape u-shape-rectangle u-shape-1\"><\/div>\n      <img decoding=\"async\" src=\"https:\/\/www.physiotherapie-am-deich.de\/wp-content\/uploads\/2021\/12\/Unbenanntes_Projekt1-scaled.jpg\" class=\"u-align-left u-expanded-width-xs u-image u-image-1\" data-image-width=\"2560\" data-image-height=\"1145\">\n      <div class=\"u-expanded-width-sm u-expanded-width-xs u-list u-list-1\">\n        <div class=\"u-repeater u-repeater-1\">\n          <div class=\"u-align-center u-container-style u-list-item u-repeater-item u-white u-list-item-1\" data-href=\"https:\/\/www.physiotherapie-am-deich.de\/?page_id=82\" title=\"Leistungen\">\n            <div class=\"u-container-layout u-similar-container u-valign-top u-container-layout-1\">\n              <div alt=\"\" class=\"u-image u-image-circle u-image-2\" data-image-width=\"1024\" data-image-height=\"1024\" style=\"background-image: url(&quot;https:\/\/www.physiotherapie-am-deich.de\/wp-content\/uploads\/2021\/12\/Bild-1110.jpg&quot;);\"><\/div>\n              <h4 class=\"u-text u-text-1\">Unsere Leistungen<br>\n              <\/h4>\n            <\/div>\n          <\/div>\n          <div class=\"u-align-center u-container-style u-list-item u-repeater-item u-video-cover u-white\" data-href=\"https:\/\/www.physiotherapie-am-deich.de\/?page_id=86\" title=\"Stellenangebote\">\n            <div class=\"u-container-layout u-similar-container u-valign-top u-container-layout-2\">\n              <div alt=\"\" class=\"u-image u-image-circle u-image-3\" data-image-width=\"2048\" data-image-height=\"2048\" style=\"background-image: url(&quot;https:\/\/www.physiotherapie-am-deich.de\/wp-content\/uploads\/2021\/12\/Unbenanntes_Projekt4.jpg&quot;);\"><\/div>\n              <h4 class=\"u-text u-text-2\">Stellenangebote<\/h4>\n            <\/div>\n          <\/div>\n          <div class=\"u-align-center u-container-style u-list-item u-repeater-item u-video-cover u-white\" data-href=\"https:\/\/www.physiotherapie-am-deich.de\/?page_id=84\" title=\"\u00dcber uns\">\n            <div class=\"u-container-layout u-similar-container u-valign-top u-container-layout-3\">\n              <div alt=\"\" class=\"u-image u-image-circle u-image-4\" data-image-width=\"2048\" data-image-height=\"2048\" style=\"background-image: url(&quot;https:\/\/www.physiotherapie-am-deich.de\/wp-content\/uploads\/2021\/12\/Bild-1021.jpg&quot;);\"><\/div>\n              <h4 class=\"u-text u-text-3\">\u00dcber uns<\/h4>\n            <\/div>\n          <\/div>\n        <\/div>\n      <\/div>\n      <h2 class=\"u-align-center u-text u-text-default u-text-4\">Nummer NUR f\u00fcr Textnachrichten:<br>0151 23 60 28 57\n      <\/h2>\n      <h6 class=\"u-align-center u-text u-text-default u-text-5\">mit Ihrer Zustimmung auch gerne \u00fcber WhatsApp<br>Anrufe werden \u00fcber diese Nummer nicht angenommen!\n      <\/h6>\n    <\/section>\n    <section class=\"u-clearfix u-gradient u-section-3\" id=\"carousel_53ae\">\n      <div class=\"u-clearfix u-sheet u-sheet-1\">\n        <div class=\"u-clearfix u-expanded-width u-layout-wrap u-layout-wrap-1\">\n          <div class=\"u-gutter-0 u-layout\">\n            <div class=\"u-layout-col\">\n              <div class=\"u-size-30\">\n                <div class=\"u-layout-row\">\n                  <div class=\"u-container-style u-layout-cell u-left-cell u-size-26 u-layout-cell-1\">\n                    <div class=\"u-container-layout u-valign-top u-container-layout-1\">\n                      <h1 class=\"u-text u-title u-text-1\">Wir suchen&nbsp;<br>Dich!\n                      <\/h1>\n                    <\/div>\n                  <\/div>\n                  <div class=\"u-align-left u-container-style u-layout-cell u-right-cell u-size-34 u-layout-cell-2\">\n                    <div class=\"u-container-layout u-container-layout-2\">\n                      <h4 class=\"u-text u-text-2\">Zum n\u00e4chstm\u00f6glichen Zeitpunkt suchen wir zur Verst\u00e4rkung unseres Teams eine\/einen ausgebildeten Physiotherapeut\/-in w\/m\/d<\/h4>\n                      <a href=\"mailto:info@physiotherapie-am-deich.de?subject=Bewerbung\" class=\"u-active-grey-80 u-border-none u-btn u-button-style u-hover-grey-80 u-palette-3-base u-btn-1\">Per Mail Bewerben<\/a>\n                    <\/div>\n                  <\/div>\n                <\/div>\n              <\/div>\n              <div class=\"u-size-30\">\n                <div class=\"u-layout-row\">\n                  <div class=\"u-container-style u-image u-layout-cell u-left-cell u-right-cell u-size-60 u-image-1\" data-image-width=\"4677\" data-image-height=\"3307\" style=\"background-image: url(&quot;https:\/\/www.physiotherapie-am-deich.de\/wp-content\/uploads\/2021\/12\/Stellenanzeige.png&quot;);\">\n                    <div class=\"u-container-layout u-container-layout-3\"><\/div>\n                  <\/div>\n                <\/div>\n              <\/div>\n            <\/div>\n          <\/div>\n        <\/div>\n      <\/div>\n    <\/section>\n    <section class=\"u-clearfix u-gradient u-section-4\" id=\"carousel_747b\">\n      <div class=\"u-clearfix u-sheet u-sheet-1\">\n        <div class=\"u-clearfix u-expanded-width u-layout-wrap u-layout-wrap-1\">\n          <div class=\"u-layout\">\n            <div class=\"u-layout-row\">\n              <div class=\"u-container-style u-layout-cell u-size-30 u-layout-cell-1\">\n                <div class=\"u-container-layout u-valign-top u-container-layout-1\">\n                  <h2 class=\"u-align-justify u-text u-text-1\">Unsere Praxisgrunds\u00e4tze<\/h2>\n                  <h4 class=\"u-align-left u-text u-text-2\">Wir haben 25 Minuten Regel-Behandlungszeit f\u00fcr Sie&nbsp;<br>(gesetzl. vorgeschrieben sind 15 Minuten)<br>\n                    <br>Unsere Therapeuten verlassen nie die Behandlung f\u00fcr Telefongespr\u00e4che<br>\n                  <\/h4>\n                  <div class=\"u-border-10 u-border-custom-color-1 u-image u-image-circle u-image-1\" alt=\"\" data-image-width=\"2048\" data-image-height=\"2048\" style=\"background-image: url(&quot;https:\/\/www.physiotherapie-am-deich.de\/wp-content\/uploads\/2021\/12\/Bild-1116.jpg&quot;);\"><\/div>\n                <\/div>\n              <\/div>\n              <div class=\"u-align-left u-container-style u-layout-cell u-size-30 u-layout-cell-2\">\n                <div class=\"u-container-layout u-valign-bottom-md u-container-layout-2\">\n                  <div class=\"u-border-10 u-border-custom-color-1 u-image u-image-circle u-image-2\" alt=\"\" data-image-width=\"2048\" data-image-height=\"2048\" style=\"background-image: url(&quot;https:\/\/www.physiotherapie-am-deich.de\/wp-content\/uploads\/2021\/12\/Bild-1112.jpg&quot;);\"><\/div>\n                  <h4 class=\"u-text u-text-3\"> Wir schieben Ihre Termine nicht hin und her<br>\n                    <br>Wir haben keinen Therapeutenwechsel (au\u00dfer in Krankheitsf\u00e4llen oder Urlaubszeiten)\n                  <\/h4>\n                <\/div>\n              <\/div>\n            <\/div>\n          <\/div>\n        <\/div>\n        <h4 class=\"u-align-center u-text u-text-4\"> Unser Telefon ist nicht dauerhaft besetzt.&nbsp;<br>\n          <br>Sollten wir das Gespr\u00e4ch nicht gleich annehmen k\u00f6nnen, weil wir uns in einer Behandlung befinden oder gerade auf Hausbesuch sind, hinterlassen Sie uns gerne eine Nachricht auf unserem Anrufbeantworter, wir rufen Sie schnellstm\u00f6glich zur\u00fcck.<br>\n          <br>Manchmal rufen wir Sie unter der Telefonnummer 0491 99908751 zur\u00fcck. Dies ist die Nummer von unserem Homeoffice. Hier k\u00f6nnen keine Nachrichten hinterlassen werden.\n        <\/h4>\n      <\/div>\n    <\/section>\n    <section class=\"u-clearfix u-white u-section-5\" id=\"sec-0756\">\n      <div class=\"u-clearfix u-sheet u-sheet-1\">\n        <div class=\"data-layout-selected u-clearfix u-expanded-width u-layout-wrap u-layout-wrap-1\">\n          <div class=\"u-gutter-0 u-layout\">\n            <div class=\"u-layout-row\">\n              <div class=\"u-size-30\">\n                <div class=\"u-layout-col\">\n                  <div class=\"u-container-style u-layout-cell u-size-30 u-layout-cell-1\">\n                    <div class=\"u-container-layout u-valign-bottom u-container-layout-1\">\n                      <h3 class=\"u-text u-text-1\">Physiotherapie am Deich GmbH<\/h3>\n                      <p class=\"u-text u-text-grey-50 u-text-2\">Patrick Schultze<br>Auf dem \u00d6wer 7<br>26789 Leer\n                      <\/p>\n                    <\/div>\n                  <\/div>\n                  <div class=\"u-align-left u-container-style u-layout-cell u-size-30 u-layout-cell-2\">\n                    <div class=\"u-container-layout u-container-layout-2\"><\/div>\n                  <\/div>\n                <\/div>\n              <\/div>\n              <div class=\"u-size-30\">\n                <div class=\"u-layout-col\">\n                  <div class=\"u-container-style u-layout-cell u-size-60 u-layout-cell-3\">\n                    <div class=\"u-container-layout u-valign-middle u-container-layout-3\">\n                      <h3 class=\"u-align-center-xs u-text u-text-3\">\n                        <span style=\"font-size: 1.25rem;\">\n                          <br>Telefon: 0491- 999 20 640<br>Telefon nur f\u00fcr Textnachrichten: 0151 23 60 28 57\n                        <\/span>\n                        <br>\n                        <span style=\"font-size: 1.25rem;\">(mit Ihrer Zustimmung auch WhatsApp)<br>\n                        <\/span>\n                        <br>\n                        <span style=\"font-size: 1.25rem;\">E-Mail:<br>\n                          <a href=\"mailto:info@physiotherapie-am-deich.de\" class=\"u-border-none u-btn u-button-link u-button-style u-none u-text-palette-1-base u-btn-1\">info@physiotherapie-am-deich.de <\/a>\n                          <br>\n                          <br>\n                          <br>Steuernummer: 60 \/ 203 \/ 03520 <br>HRB 201924 Amtsgericht Aurich\n                        <\/span>\n                        <br>\n                      <\/h3>\n                    <\/div>\n                  <\/div>\n                <\/div>\n              <\/div>\n            <\/div>\n          <\/div>\n        <\/div>\n      <\/div>\n    <\/section>\n    <section class=\"u-clearfix u-gradient u-section-6\" id=\"sec-459b\">\n      <div class=\"u-clearfix u-sheet u-sheet-1\"><\/div>\n    <\/section>\n    \n    \n    \n  \n","protected":false},"excerpt":{"rendered":"<p>Unsere Leistungen Stellenangebote \u00dcber uns Nummer NUR f\u00fcr Textnachrichten:0151 23 60 28 57 mit Ihrer Zustimmung auch gerne \u00fcber WhatsAppAnrufe werden \u00fcber diese Nummer nicht angenommen! Wir suchen&nbsp;Dich! Zum n\u00e4chstm\u00f6glichen Zeitpunkt suchen wir zur Verst\u00e4rkung unseres Teams eine\/einen ausgebildeten Physiotherapeut\/-in w\/m\/d Per Mail Bewerben Unsere Praxisgrunds\u00e4tze Wir haben 25 Minuten Regel-Behandlungszeit f\u00fcr Sie&nbsp;(gesetzl. vorgeschrieben sind &hellip; <a href=\"https:\/\/www.physiotherapie-am-deich.de\/\" class=\"more-link\">Continue reading<span class=\"screen-reader-text\"> &#8222;Startseite 1&#8220;<\/span><\/a><\/p>\n","protected":false},"author":1,"featured_media":0,"parent":0,"menu_order":0,"comment_status":"closed","ping_status":"closed","template":"","meta":{"footnotes":""},"class_list":["post-28","page","type-page","status-publish","hentry"],"_links":{"self":[{"href":"https:\/\/www.physiotherapie-am-deich.de\/index.php?rest_route=\/wp\/v2\/pages\/28","targetHints":{"allow":["GET"]}}],"collection":[{"href":"https:\/\/www.physiotherapie-am-deich.de\/index.php?rest_route=\/wp\/v2\/pages"}],"about":[{"href":"https:\/\/www.physiotherapie-am-deich.de\/index.php?rest_route=\/wp\/v2\/types\/page"}],"author":[{"embeddable":true,"href":"https:\/\/www.physiotherapie-am-deich.de\/index.php?rest_route=\/wp\/v2\/users\/1"}],"replies":[{"embeddable":true,"href":"https:\/\/www.physiotherapie-am-deich.de\/index.php?rest_route=%2Fwp%2Fv2%2Fcomments&post=28"}],"version-history":[{"count":19,"href":"https:\/\/www.physiotherapie-am-deich.de\/index.php?rest_route=\/wp\/v2\/pages\/28\/revisions"}],"predecessor-version":[{"id":309,"href":"https:\/\/www.physiotherapie-am-deich.de\/index.php?rest_route=\/wp\/v2\/pages\/28\/revisions\/309"}],"wp:attachment":[{"href":"https:\/\/www.physiotherapie-am-deich.de\/index.php?rest_route=%2Fwp%2Fv2%2Fmedia&parent=28"}],"curies":[{"name":"wp","href":"https:\/\/api.w.org\/{rel}","templated":true}]}}