{"id":233,"date":"2021-12-14T08:38:22","date_gmt":"2021-12-14T07:38:22","guid":{"rendered":"http:\/\/mining\/?page_id=233"},"modified":"2021-12-14T12:12:48","modified_gmt":"2021-12-14T11:12:48","slug":"info","status":"publish","type":"page","link":"https:\/\/www.physiotherapie-am-deich.de\/?page_id=233","title":{"rendered":"Info"},"content":{"rendered":"\n    \n    <section class=\"u-clearfix u-gradient u-section-2\" id=\"sec-dd93\">\n      <div class=\"u-clearfix u-sheet u-valign-bottom u-sheet-1\">\n        <h3 class=\"u-text u-text-default u-text-1\">Allgemeine Informationen<\/h3>\n        <p class=\"u-text u-text-2\">\n          <span style=\"font-weight: 700;\">Terminvergabe<\/span>\n          <br>F\u00fcr die Terminvergabe, setzen Sie sich bitte<span style=\"font-weight: 700;\"> telefonisch<\/span> mit uns in Verbindung. Wir versuchen Ihre Terminw\u00fcnsche zu ber\u00fccksichtigen, jedoch kann es zu Wartezeiten kommen. Hierf\u00fcr bitten wir um Verst\u00e4ndnis.<br>\n          <br>\n          <span style=\"font-weight: 700;\">Terminabsage<\/span>\n          <br>Sollten Sie einen Termin nicht wahrnehmen k\u00f6nnen, sagen Sie den Termin <span style=\"font-weight: 700;\">mindestens 24 Stunden vor der Behandlung<\/span> telefonisch ab. Sie k\u00f6nnen uns die Terminabsage auch gerne auf unseren Anrufbeantworter sprechen.<br>Sollte ein Termin nicht, oder nicht rechtzeitig abgesagt worden sein, k\u00f6nnen wir die Behandlung privat in Rechnung stellen. Wir sind jedoch bem\u00fcht von solch einer Berechnung abzusehen und den Termin anderweitig zu vergeben.<br>\n          <br>\n          <span style=\"font-weight: 700;\">Ben\u00f6tigte Utensilien<\/span>\n          <br>Anders wie in manch anderen Praxen, brauchen Sie bei uns <span style=\"font-weight: 700;\">kein <\/span>eigenes Laken und Handtuch zur Behandlung mitbringen. Dies stellen wir f\u00fcr Sie bereit.\n        <\/p>\n      <\/div>\n    <\/section>\n    <section class=\"u-clearfix u-gradient u-section-3\" id=\"sec-e5be\">\n      <div class=\"u-clearfix u-sheet u-sheet-1\">\n        <p class=\"u-text u-text-1\">\n          <span style=\"font-weight: 700;\">Gesetzliche Zuzahlung<\/span>\n          <br>Gesetzlich versicherte Patienten m\u00fcssen lt. Gesetzgebung eine <span style=\"font-weight: 700;\">Zuzahlung pro Rezept <\/span>leisten.<br>Diese setzten sich aus 10 % der Behandlungskosten und 10,00 \u20ac Geb\u00fchr zusammen. \u00dcber die Rezeptgeb\u00fchr stellen wir Ihnen eine Rechnung aus.<br>Sollten Sie von der Zuzahlung der Rezeptgeb\u00fchr befreit sein, bringen Sie bitte Ihren <span style=\"font-weight: 700;\">Befreiungsausweis <\/span>mit zur Behandlung.&nbsp;<br>\n          <br>\n          <span style=\"font-weight: 700;\">Das Rezept<\/span>\n          <br>Das vom Arzt ausgestellte Rezept bringen Sie bitte <span style=\"font-weight: 700;\">zur ersten Behandlung<\/span> mit.<br>Die Behandlung muss innerhalb von 28 Kalendertagen nach Rezeptausstellung begonnen werden. In einzelnen dringenden F\u00e4llen innerhalb von 14 Tagen (dies ist auf dem Rezept vermerkt).<br>Sollte das Rezept die G\u00fcltigkeit verlieren, z. B. weil durch Terminabsagen eine zu gro\u00dfe Behandlungsunterbrechung vorliegt, oder die Behandlungsdauer ( bei 6 Behandlungen - 3 Monate; ab 6 Behandlungen - 6 Monate) \u00fcberschritten wurde, m\u00fcssen wir die Verordnung abrechnen, auch wenn die Einheiten nicht alle stattgefunden haben.<br>\n          <br>\n          <span style=\"font-weight: 700;\">Corona<\/span>\n          <br>Aufgrund der pandemischen Lage sind folgende Hinweise zu beachten:<br>- Bitte kommen Sie<span style=\"font-weight: 700;\"> p\u00fcnktlich<\/span> zu Ihren Terminen um Ihren Aufenthalt in unseren R\u00e4umlichkeiten so kurz wie m\u00f6glich zu halten<br>&nbsp; und um Ansammlungen in der Praxis zu Vermeiden.<br>- W\u00e4hrend des gesamten Aufenthalts in unserer Praxis m\u00fcssen Sie und unsere Therapeuten eine <span style=\"font-weight: 700;\">FFP2-Maske<\/span> tragen.<br>- Halten Sie, wenn m\u00f6glich, einen <span style=\"font-weight: 700;\">Abstand<\/span> von mindestens 1,5 Metern.<br>- Bringen Sie, wenn nicht unbedingt erforderlich, <span style=\"font-weight: 700;\">keine Begleitperson<\/span> mit.<br>- Bei Erk\u00e4ltungssymptomen bleiben Sie bitte zuhause und sagen den Termin fr\u00fchzeitig (mindesten 24 Stunden vor der<br>&nbsp; Behandlung) ab.<br>- <span style=\"font-weight: 700;\">Mit \u00e4rztlicher Verordnung <\/span>d\u00fcrfen Sie unabh\u00e4ngig von der 3G-Regelung behandelt werden, es ist entsprechend <span style=\"font-weight: 700;\">kein Nachweis&nbsp;<\/span>\n          <br>&nbsp; \u00fcber geimpft\/genesen\/getestet vorzulegen. Gleiches gilt bei einer Verordnung durch den Heilpraktiker.<br>&nbsp; Lediglich ohne Verordnung, also als <span style=\"font-weight: 700;\">Selbstzahler, gilt die 3G-Regelung.<\/span>\n        <\/p>\n      <\/div>\n    <\/section>\n    \n    \n  \n","protected":false},"excerpt":{"rendered":"<p>Allgemeine Informationen Terminvergabe F\u00fcr die Terminvergabe, setzen Sie sich bitte telefonisch mit uns in Verbindung. Wir versuchen Ihre Terminw\u00fcnsche zu ber\u00fccksichtigen, jedoch kann es zu Wartezeiten kommen. Hierf\u00fcr bitten wir um Verst\u00e4ndnis. Terminabsage Sollten Sie einen Termin nicht wahrnehmen k\u00f6nnen, sagen Sie den Termin mindestens 24 Stunden vor der Behandlung telefonisch ab. Sie k\u00f6nnen uns &hellip; <a href=\"https:\/\/www.physiotherapie-am-deich.de\/?page_id=233\" class=\"more-link\">Continue reading<span class=\"screen-reader-text\"> &#8222;Info&#8220;<\/span><\/a><\/p>\n","protected":false},"author":1,"featured_media":0,"parent":0,"menu_order":0,"comment_status":"closed","ping_status":"closed","template":"","meta":{"footnotes":""},"class_list":["post-233","page","type-page","status-publish","hentry"],"_links":{"self":[{"href":"https:\/\/www.physiotherapie-am-deich.de\/index.php?rest_route=\/wp\/v2\/pages\/233","targetHints":{"allow":["GET"]}}],"collection":[{"href":"https:\/\/www.physiotherapie-am-deich.de\/index.php?rest_route=\/wp\/v2\/pages"}],"about":[{"href":"https:\/\/www.physiotherapie-am-deich.de\/index.php?rest_route=\/wp\/v2\/types\/page"}],"author":[{"embeddable":true,"href":"https:\/\/www.physiotherapie-am-deich.de\/index.php?rest_route=\/wp\/v2\/users\/1"}],"replies":[{"embeddable":true,"href":"https:\/\/www.physiotherapie-am-deich.de\/index.php?rest_route=%2Fwp%2Fv2%2Fcomments&post=233"}],"version-history":[{"count":6,"href":"https:\/\/www.physiotherapie-am-deich.de\/index.php?rest_route=\/wp\/v2\/pages\/233\/revisions"}],"predecessor-version":[{"id":257,"href":"https:\/\/www.physiotherapie-am-deich.de\/index.php?rest_route=\/wp\/v2\/pages\/233\/revisions\/257"}],"wp:attachment":[{"href":"https:\/\/www.physiotherapie-am-deich.de\/index.php?rest_route=%2Fwp%2Fv2%2Fmedia&parent=233"}],"curies":[{"name":"wp","href":"https:\/\/api.w.org\/{rel}","templated":true}]}}